{"id":5172,"date":"2025-05-03T10:40:58","date_gmt":"2025-05-03T10:40:58","guid":{"rendered":"https:\/\/amberwinefestival.com\/ho-re-ca\/"},"modified":"2025-05-03T11:01:16","modified_gmt":"2025-05-03T11:01:16","slug":"ho-re-ca","status":"publish","type":"page","link":"https:\/\/amberwinefestival.com\/hr\/ho-re-ca\/","title":{"rendered":"Ho.Re.Ca"},"content":{"rendered":"<!--themify_builder_content-->\n<div id=\"themify_builder_content-5172\" data-postid=\"5172\" class=\"themify_builder_content themify_builder_content-5172 themify_builder tf_clear\">\n                    <div  data-css_id=\"6h6h000\" data-lazy=\"1\" class=\"module_row themify_builder_row fullwidth_row_container tb_6h6h000 tb_first tf_w\">\n                        <div class=\"row_inner col_align_top tb_col_count_1 tf_box tf_rel\">\n                        <div  data-lazy=\"1\" class=\"module_column tb-column col-full tb_vwzw610 first\">\n                    <!-- module text -->\n<div  class=\"module module-text tb_lrna077   \" data-lazy=\"1\">\n        <div  class=\"tb_text_wrap\">\n        <p>Dobrodo\u0161li u slu\u017ebeni Ho.Re.Ca prostor <strong>Amber Wine Festivala<\/strong>, jedinstvenog doga\u0111anja posve\u0107enog tradiciji maceriranih bijelih vina.<\/p>\n<p>U sektoru Ho.Re.Ca \u2013 Hotellerie, Restaurant i Caf\u00e9 \u2013 izvrsnost se o\u010dituje u detaljima: u umije\u0107u gostoprimstva, pa\u017eljivoj usluzi, ali ponajvi\u0161e u <strong>kvaliteti ponude.<\/strong><\/p>\n<p>Pozivamo vas da uronite u iskustvo koje utjelovljuje sve to: Amber Wine Festival.<\/p>\n<p>Uz jantarne nijanse, intenzivne mirise i bogate okuse, zajedno slavimo vinsku kulturu i strast onih koji svakodnevno \u010dine Ho.Re.Ca svijet posebnim.<\/p>\n<p>Ako ste dio Ho.Re.Ca sektora, pozivamo vas da ispunite posebni obrazac kako biste primili ekskluzivne uvjete rezervirane za vas.<\/p>    <\/div>\n<\/div>\n<!-- \/module text -->        <\/div>\n                        <\/div>\n        <\/div>\n                        <div  data-lazy=\"1\" class=\"module_row themify_builder_row tb_uqk8044 tf_w\">\n                        <div class=\"row_inner col_align_top tb_col_count_1 tf_box tf_rel\">\n                        <div  data-lazy=\"1\" class=\"module_column tb-column col-full tb_e4ql414 first\">\n                    <!-- module contact -->\n<div  id=\"tb_nhom407\" class=\"module module-contact tb_nhom407 contact-style1 \" data-lazy=\"1\">\n    \n\t<form class=\"builder-contact\"\n\t\tid=\"tb_nhom407-form\"\n\t\tmethod=\"post\"\n\t\tdata-post-id=\"5172\"\n\t\tdata-element-id=\"nhom407\"\n\t\tdata-orig-id=\"5172\"\n\t>\n    <div class=\"contact-message\"><\/div>\n\t<div class=\"builder-contact-fields tf_rel\">\n\t\t    \t\t    <div class=\"builder-contact-field builder-contact-field-name builder-contact-text-field\">\n\t\t\t    <label class=\"control-label\" for=\"tb_nhom407-contact-name\">\n\t\t\t\t\t\t\t\t\t\t<span class=\"tb-label-span\">Ime i prezime <\/span><span class=\"required\">*<\/span>\t\t\t\t<\/label>\n\t\t\t    <div class=\"control-input tf_rel\">\n\t\t\t\t    \t\t\t\t\t    <input type=\"text\" name=\"contact-name\" placeholder=\"  Unesite svoje ime i prezime\" id=\"tb_nhom407-contact-name\" value=\"\" class=\"form-control\" required>\n\t\t\t\t    \t\t\t\t    \t\t\t    <\/div>\n\t\t<\/div>\n\t    \n\t\t    \t\t    <div class=\"builder-contact-field builder-contact-field-email builder-contact-text-field\">\n\t\t\t    <label class=\"control-label\" for=\"tb_nhom407-contact-email\">\n\t\t\t\t\t\t\t\t\t\t<span class=\"tb-label-span\">E-mail adresa <\/span><span class=\"required\">*<\/span>\t\t\t\t<\/label>\n\t\t\t    <div class=\"control-input tf_rel\">\n\t\t\t\t    \t\t\t\t\t    <input type=\"email\" name=\"contact-email\" placeholder=\"  Profesionalna kontaktna e-po\u0161ta\" id=\"tb_nhom407-contact-email\" value=\"\" class=\"form-control\" required>\n\t\t\t\t    \t\t\t\t    \t\t\t    <\/div>\n\t\t<\/div>\n\t    \n\t\t    \t\t    \t\t    <div class=\"builder-contact-field builder-contact-field-extra builder-contact-text-field\">\n\t\t\t\t\n\t\t\t\t<label class=\"control-label\" for=\"field_extra_tb_nhom407_0\">\n\t\t\t\t\t\n\t\t\t\t\tNaziv tvrtke \/ Naziv tvrtke\t\t\t\t\t\t\t\t\t\t\t<input type=\"hidden\" name=\"field_extra_name_0\" value=\"Naziv tvrtke \/ Naziv tvrtke\">\n\t\t\t\t\t\t\t\t\t\t\t<span class=\"required\">*<\/span>\n\t\t\t\t\t\t\t\t\t<\/label>\n\t\t\t\t<div class=\"control-input tf_rel\">\n\t\t\t\t\t\t\t\t\t\t\t<input type=\"text\" name=\"field_extra_0\" id=\"field_extra_tb_nhom407_0\" placeholder=\"Naziv tvrtke \/ Naziv tvrtke\" class=\"form-control\" required>\n\t\t\t\t\t\n\t\t\t\t\t\t\t\t\t<\/div>\n\t\t    <\/div>\n\t    \n\t\t    \t\t    \t\t    <div class=\"builder-contact-field builder-contact-field-extra builder-contact-text-field\">\n\t\t\t\t\n\t\t\t\t<label class=\"control-label\" for=\"field_extra_tb_nhom407_1\">\n\t\t\t\t\t\n\t\t\t\t\tReferentni sektor (hotel, restoran, bar, vinoteka itd.)\t\t\t\t\t\t\t\t\t\t\t<input type=\"hidden\" name=\"field_extra_name_1\" value=\"Referentni sektor (hotel, restoran, bar, vinoteka itd.)\">\n\t\t\t\t\t\t\t\t\t<\/label>\n\t\t\t\t<div class=\"control-input tf_rel\">\n\t\t\t\t\t\t\t\t\t\t\t<input type=\"text\" name=\"field_extra_1\" id=\"field_extra_tb_nhom407_1\" placeholder=\"Referentni sektor (hotel, restoran, bar, vinoteka itd.)\" class=\"form-control\">\n\t\t\t\t\t\n\t\t\t\t\t\t\t\t\t<\/div>\n\t\t    <\/div>\n\t    \n\t\t    \t\t    \t\t    <div class=\"builder-contact-field builder-contact-field-extra builder-contact-text-field\">\n\t\t\t\t\n\t\t\t\t<label class=\"control-label\" for=\"field_extra_tb_nhom407_2\">\n\t\t\t\t\t\n\t\t\t\t\tAdresa i grad\t\t\t\t\t\t\t\t\t\t\t<input type=\"hidden\" name=\"field_extra_name_2\" value=\"Adresa i grad\">\n\t\t\t\t\t\t\t\t\t<\/label>\n\t\t\t\t<div class=\"control-input tf_rel\">\n\t\t\t\t\t\t\t\t\t\t\t<input type=\"text\" name=\"field_extra_2\" id=\"field_extra_tb_nhom407_2\" placeholder=\"Adresa i grad\" class=\"form-control\">\n\t\t\t\t\t\n\t\t\t\t\t\t\t\t\t<\/div>\n\t\t    <\/div>\n\t    \n\t\t    \t\t    \t\t    <div class=\"builder-contact-field builder-contact-field-extra builder-contact-text-field\">\n\t\t\t\t\n\t\t\t\t<label class=\"control-label\" for=\"field_extra_tb_nhom407_3\">\n\t\t\t\t\t\n\t\t\t\t\tPDV broj\t\t\t\t\t\t\t\t\t\t\t<input type=\"hidden\" name=\"field_extra_name_3\" value=\"PDV broj\">\n\t\t\t\t\t\t\t\t\t<\/label>\n\t\t\t\t<div class=\"control-input tf_rel\">\n\t\t\t\t\t\t\t\t\t\t\t<input type=\"text\" name=\"field_extra_3\" id=\"field_extra_tb_nhom407_3\" placeholder=\"PDV broj\" class=\"form-control\">\n\t\t\t\t\t\n\t\t\t\t\t\t\t\t\t<\/div>\n\t\t    <\/div>\n\t    \n\t\t    \t\t\n\t\t\n\t    \n\t    <div class=\"builder-contact-field builder-contact-field-send control-input tf_textl tf_clear tf_rel\">\n\t\t\t<button type=\"submit\" class=\"btn btn-primary\">\n\t\t\t\t<span class=\"tf_loader\"><\/span>\t\t\t\t<span class=\"tf_submit_icon\"><\/span> \n\t\t\t\tPo\u0161alji \t\t\t<\/button>\n\t    <\/div>\n\t<\/div>\n    <\/form>\n    <\/div>\n<!-- \/module contact -->\n        <\/div>\n                        <\/div>\n        <\/div>\n        <\/div>\n<!--\/themify_builder_content-->","protected":false},"excerpt":{"rendered":"<p>Dobrodo\u0161li u slu\u017ebeni Ho.Re.Ca prostor Amber Wine Festivala, jedinstvenog doga\u0111anja posve\u0107enog tradiciji maceriranih bijelih vina. U sektoru Ho.Re.Ca \u2013 Hotellerie, Restaurant i Caf\u00e9 \u2013 izvrsnost se o\u010dituje u detaljima: u umije\u0107u gostoprimstva, pa\u017eljivoj usluzi, ali ponajvi\u0161e u kvaliteti ponude. Pozivamo vas da uronite u iskustvo koje utjelovljuje sve to: Amber Wine Festival. Uz jantarne nijanse, [&hellip;]<\/p>\n","protected":false},"author":1,"featured_media":0,"parent":0,"menu_order":0,"comment_status":"closed","ping_status":"closed","template":"","meta":{"footnotes":""},"class_list":["post-5172","page","type-page","status-publish","hentry","has-post-title","has-post-date","has-post-category","has-post-tag","has-post-comment","has-post-author",""],"yoast_head":"<!-- This site is optimized with the Yoast SEO plugin v27.5 - https:\/\/yoast.com\/product\/yoast-seo-wordpress\/ -->\n<title>Ho.Re.Ca - Amber Wine Festival<\/title>\n<meta name=\"robots\" content=\"index, follow, max-snippet:-1, max-image-preview:large, max-video-preview:-1\" \/>\n<link rel=\"canonical\" href=\"https:\/\/amberwinefestival.com\/hr\/ho-re-ca\/\" \/>\n<meta property=\"og:locale\" content=\"hr_HR\" \/>\n<meta property=\"og:type\" content=\"article\" \/>\n<meta property=\"og:title\" content=\"Ho.Re.Ca - Amber Wine Festival\" \/>\n<meta property=\"og:description\" content=\"Dobrodo\u0161li u slu\u017ebeni Ho.Re.Ca prostor Amber Wine Festivala, jedinstvenog doga\u0111anja posve\u0107enog tradiciji maceriranih bijelih vina. U sektoru Ho.Re.Ca \u2013 Hotellerie, Restaurant i Caf\u00e9 \u2013 izvrsnost se o\u010dituje u detaljima: u umije\u0107u gostoprimstva, pa\u017eljivoj usluzi, ali ponajvi\u0161e u kvaliteti ponude. Pozivamo vas da uronite u iskustvo koje utjelovljuje sve to: Amber Wine Festival. Uz jantarne nijanse, [&hellip;]\" \/>\n<meta property=\"og:url\" content=\"https:\/\/amberwinefestival.com\/hr\/ho-re-ca\/\" \/>\n<meta property=\"og:site_name\" content=\"Amber Wine Festival\" \/>\n<meta property=\"article:publisher\" content=\"https:\/\/www.facebook.com\/amberwinefestival\/\" \/>\n<meta property=\"article:modified_time\" content=\"2025-05-03T11:01:16+00:00\" \/>\n<meta name=\"twitter:card\" content=\"summary_large_image\" \/>\n<meta name=\"twitter:label1\" content=\"Procijenjeno vrijeme \u010ditanja\" \/>\n\t<meta name=\"twitter:data1\" content=\"1 minuta\" \/>\n<script type=\"application\/ld+json\" class=\"yoast-schema-graph\">{\"@context\":\"https:\\\/\\\/schema.org\",\"@graph\":[{\"@type\":\"WebPage\",\"@id\":\"https:\\\/\\\/amberwinefestival.com\\\/hr\\\/ho-re-ca\\\/\",\"url\":\"https:\\\/\\\/amberwinefestival.com\\\/hr\\\/ho-re-ca\\\/\",\"name\":\"Ho.Re.Ca - Amber Wine Festival\",\"isPartOf\":{\"@id\":\"https:\\\/\\\/amberwinefestival.com\\\/hr\\\/#website\"},\"datePublished\":\"2025-05-03T10:40:58+00:00\",\"dateModified\":\"2025-05-03T11:01:16+00:00\",\"breadcrumb\":{\"@id\":\"https:\\\/\\\/amberwinefestival.com\\\/hr\\\/ho-re-ca\\\/#breadcrumb\"},\"inLanguage\":\"hr\",\"potentialAction\":[{\"@type\":\"ReadAction\",\"target\":[\"https:\\\/\\\/amberwinefestival.com\\\/hr\\\/ho-re-ca\\\/\"]}]},{\"@type\":\"BreadcrumbList\",\"@id\":\"https:\\\/\\\/amberwinefestival.com\\\/hr\\\/ho-re-ca\\\/#breadcrumb\",\"itemListElement\":[{\"@type\":\"ListItem\",\"position\":1,\"name\":\"Home\",\"item\":\"https:\\\/\\\/amberwinefestival.com\\\/hr\\\/\"},{\"@type\":\"ListItem\",\"position\":2,\"name\":\"Ho.Re.Ca\"}]},{\"@type\":\"WebSite\",\"@id\":\"https:\\\/\\\/amberwinefestival.com\\\/hr\\\/#website\",\"url\":\"https:\\\/\\\/amberwinefestival.com\\\/hr\\\/\",\"name\":\"Amber Wine Festival\",\"description\":\"Prolonged maceration white wines\",\"publisher\":{\"@id\":\"https:\\\/\\\/amberwinefestival.com\\\/hr\\\/#organization\"},\"potentialAction\":[{\"@type\":\"SearchAction\",\"target\":{\"@type\":\"EntryPoint\",\"urlTemplate\":\"https:\\\/\\\/amberwinefestival.com\\\/hr\\\/?s={search_term_string}\"},\"query-input\":{\"@type\":\"PropertyValueSpecification\",\"valueRequired\":true,\"valueName\":\"search_term_string\"}}],\"inLanguage\":\"hr\"},{\"@type\":\"Organization\",\"@id\":\"https:\\\/\\\/amberwinefestival.com\\\/hr\\\/#organization\",\"name\":\"Amber Wine Festival\",\"url\":\"https:\\\/\\\/amberwinefestival.com\\\/hr\\\/\",\"logo\":{\"@type\":\"ImageObject\",\"inLanguage\":\"hr\",\"@id\":\"https:\\\/\\\/amberwinefestival.com\\\/hr\\\/#\\\/schema\\\/logo\\\/image\\\/\",\"url\":\"https:\\\/\\\/amberwinefestival.com\\\/wp-content\\\/uploads\\\/2022\\\/04\\\/amber_wine.jpg\",\"contentUrl\":\"https:\\\/\\\/amberwinefestival.com\\\/wp-content\\\/uploads\\\/2022\\\/04\\\/amber_wine.jpg\",\"width\":400,\"height\":241,\"caption\":\"Amber Wine Festival\"},\"image\":{\"@id\":\"https:\\\/\\\/amberwinefestival.com\\\/hr\\\/#\\\/schema\\\/logo\\\/image\\\/\"},\"sameAs\":[\"https:\\\/\\\/www.facebook.com\\\/amberwinefestival\\\/\",\"https:\\\/\\\/www.instagram.com\\\/amberwinefestival\\\/\"]}]}<\/script>\n<!-- \/ Yoast SEO plugin. -->","yoast_head_json":{"title":"Ho.Re.Ca - Amber Wine Festival","robots":{"index":"index","follow":"follow","max-snippet":"max-snippet:-1","max-image-preview":"max-image-preview:large","max-video-preview":"max-video-preview:-1"},"canonical":"https:\/\/amberwinefestival.com\/hr\/ho-re-ca\/","og_locale":"hr_HR","og_type":"article","og_title":"Ho.Re.Ca - Amber Wine Festival","og_description":"Dobrodo\u0161li u slu\u017ebeni Ho.Re.Ca prostor Amber Wine Festivala, jedinstvenog doga\u0111anja posve\u0107enog tradiciji maceriranih bijelih vina. U sektoru Ho.Re.Ca \u2013 Hotellerie, Restaurant i Caf\u00e9 \u2013 izvrsnost se o\u010dituje u detaljima: u umije\u0107u gostoprimstva, pa\u017eljivoj usluzi, ali ponajvi\u0161e u kvaliteti ponude. Pozivamo vas da uronite u iskustvo koje utjelovljuje sve to: Amber Wine Festival. Uz jantarne nijanse, [&hellip;]","og_url":"https:\/\/amberwinefestival.com\/hr\/ho-re-ca\/","og_site_name":"Amber Wine Festival","article_publisher":"https:\/\/www.facebook.com\/amberwinefestival\/","article_modified_time":"2025-05-03T11:01:16+00:00","twitter_card":"summary_large_image","twitter_misc":{"Procijenjeno vrijeme \u010ditanja":"1 minuta"},"schema":{"@context":"https:\/\/schema.org","@graph":[{"@type":"WebPage","@id":"https:\/\/amberwinefestival.com\/hr\/ho-re-ca\/","url":"https:\/\/amberwinefestival.com\/hr\/ho-re-ca\/","name":"Ho.Re.Ca - Amber Wine Festival","isPartOf":{"@id":"https:\/\/amberwinefestival.com\/hr\/#website"},"datePublished":"2025-05-03T10:40:58+00:00","dateModified":"2025-05-03T11:01:16+00:00","breadcrumb":{"@id":"https:\/\/amberwinefestival.com\/hr\/ho-re-ca\/#breadcrumb"},"inLanguage":"hr","potentialAction":[{"@type":"ReadAction","target":["https:\/\/amberwinefestival.com\/hr\/ho-re-ca\/"]}]},{"@type":"BreadcrumbList","@id":"https:\/\/amberwinefestival.com\/hr\/ho-re-ca\/#breadcrumb","itemListElement":[{"@type":"ListItem","position":1,"name":"Home","item":"https:\/\/amberwinefestival.com\/hr\/"},{"@type":"ListItem","position":2,"name":"Ho.Re.Ca"}]},{"@type":"WebSite","@id":"https:\/\/amberwinefestival.com\/hr\/#website","url":"https:\/\/amberwinefestival.com\/hr\/","name":"Amber Wine Festival","description":"Prolonged maceration white wines","publisher":{"@id":"https:\/\/amberwinefestival.com\/hr\/#organization"},"potentialAction":[{"@type":"SearchAction","target":{"@type":"EntryPoint","urlTemplate":"https:\/\/amberwinefestival.com\/hr\/?s={search_term_string}"},"query-input":{"@type":"PropertyValueSpecification","valueRequired":true,"valueName":"search_term_string"}}],"inLanguage":"hr"},{"@type":"Organization","@id":"https:\/\/amberwinefestival.com\/hr\/#organization","name":"Amber Wine Festival","url":"https:\/\/amberwinefestival.com\/hr\/","logo":{"@type":"ImageObject","inLanguage":"hr","@id":"https:\/\/amberwinefestival.com\/hr\/#\/schema\/logo\/image\/","url":"https:\/\/amberwinefestival.com\/wp-content\/uploads\/2022\/04\/amber_wine.jpg","contentUrl":"https:\/\/amberwinefestival.com\/wp-content\/uploads\/2022\/04\/amber_wine.jpg","width":400,"height":241,"caption":"Amber Wine Festival"},"image":{"@id":"https:\/\/amberwinefestival.com\/hr\/#\/schema\/logo\/image\/"},"sameAs":["https:\/\/www.facebook.com\/amberwinefestival\/","https:\/\/www.instagram.com\/amberwinefestival\/"]}]}},"builder_content":"<p>Dobrodo\u0161li u slu\u017ebeni Ho.Re.Ca prostor <strong>Amber Wine Festivala<\/strong>, jedinstvenog doga\u0111anja posve\u0107enog tradiciji maceriranih bijelih vina.<\/p> <p>U sektoru Ho.Re.Ca \u2013 Hotellerie, Restaurant i Caf\u00e9 \u2013 izvrsnost se o\u010dituje u detaljima: u umije\u0107u gostoprimstva, pa\u017eljivoj usluzi, ali ponajvi\u0161e u <strong>kvaliteti ponude.<\/strong><\/p> <p>Pozivamo vas da uronite u iskustvo koje utjelovljuje sve to: Amber Wine Festival.<\/p> <p>Uz jantarne nijanse, intenzivne mirise i bogate okuse, zajedno slavimo vinsku kulturu i strast onih koji svakodnevno \u010dine Ho.Re.Ca svijet posebnim.<\/p> <p>Ako ste dio Ho.Re.Ca sektora, pozivamo vas da ispunite posebni obrazac kako biste primili ekskluzivne uvjete rezervirane za vas.<\/p>\n<form id=\"tb_nhom407-form\" method=\"post\" data-post-id=\"0\" data-element-id=\"nhom407\" data-orig-id=\"5172\" > <label for=\"tb_nhom407-contact-name\"> Ime i prezime * <\/label> <input type=\"text\" name=\"contact-name\" placeholder=\" Unesite svoje ime i prezime\" id=\"tb_nhom407-contact-name\" value=\"\" required> <label for=\"tb_nhom407-contact-email\"> E-mail adresa * <\/label> <input type=\"email\" name=\"contact-email\" placeholder=\" Profesionalna kontaktna e-po\u0161ta\" id=\"tb_nhom407-contact-email\" value=\"\" required> <label for=\"field_extra_tb_nhom407_0\"> Naziv tvrtke \/ Naziv tvrtke <input type=\"hidden\" name=\"field_extra_name_0\" value=\"Naziv tvrtke \/ Naziv tvrtke\"> * <\/label> <input type=\"text\" name=\"field_extra_0\" id=\"field_extra_tb_nhom407_0\" placeholder=\"Naziv tvrtke \/ Naziv tvrtke\" required> <label for=\"field_extra_tb_nhom407_1\"> Referentni sektor (hotel, restoran, bar, vinoteka itd.) <input type=\"hidden\" name=\"field_extra_name_1\" value=\"Referentni sektor (hotel, restoran, bar, vinoteka itd.)\"> <\/label> <input type=\"text\" name=\"field_extra_1\" id=\"field_extra_tb_nhom407_1\" placeholder=\"Referentni sektor (hotel, restoran, bar, vinoteka itd.)\"> <label for=\"field_extra_tb_nhom407_2\"> Adresa i grad <input type=\"hidden\" name=\"field_extra_name_2\" value=\"Adresa i grad\"> <\/label> <input type=\"text\" name=\"field_extra_2\" id=\"field_extra_tb_nhom407_2\" placeholder=\"Adresa i grad\"> <label for=\"field_extra_tb_nhom407_3\"> PDV broj <input type=\"hidden\" name=\"field_extra_name_3\" value=\"PDV broj\"> <\/label> <input type=\"text\" name=\"field_extra_3\" id=\"field_extra_tb_nhom407_3\" placeholder=\"PDV broj\"> <button type=\"submit\"> Po\u0161alji <\/button> <\/form>\n<a href=\"https:\/\/amberwinefestival.com\/wp-content\/uploads\/2025\/04\/LOGO-AWF-PRESS.zip\" target=\"_blank\" rel=\"noopener\"> PREUZIMANJE LOGO AWF 2025 <\/a>","_links":{"self":[{"href":"https:\/\/amberwinefestival.com\/hr\/wp-json\/wp\/v2\/pages\/5172","targetHints":{"allow":["GET"]}}],"collection":[{"href":"https:\/\/amberwinefestival.com\/hr\/wp-json\/wp\/v2\/pages"}],"about":[{"href":"https:\/\/amberwinefestival.com\/hr\/wp-json\/wp\/v2\/types\/page"}],"author":[{"embeddable":true,"href":"https:\/\/amberwinefestival.com\/hr\/wp-json\/wp\/v2\/users\/1"}],"replies":[{"embeddable":true,"href":"https:\/\/amberwinefestival.com\/hr\/wp-json\/wp\/v2\/comments?post=5172"}],"version-history":[{"count":1,"href":"https:\/\/amberwinefestival.com\/hr\/wp-json\/wp\/v2\/pages\/5172\/revisions"}],"predecessor-version":[{"id":5173,"href":"https:\/\/amberwinefestival.com\/hr\/wp-json\/wp\/v2\/pages\/5172\/revisions\/5173"}],"wp:attachment":[{"href":"https:\/\/amberwinefestival.com\/hr\/wp-json\/wp\/v2\/media?parent=5172"}],"curies":[{"name":"wp","href":"https:\/\/api.w.org\/{rel}","templated":true}]}}