{"id":5085,"date":"2025-04-24T11:19:04","date_gmt":"2025-04-24T11:19:04","guid":{"rendered":"https:\/\/amberwinefestival.com\/povprasevanja-za-medije\/"},"modified":"2025-05-13T10:37:45","modified_gmt":"2025-05-13T10:37:45","slug":"povprasevanja-za-medije","status":"publish","type":"page","link":"https:\/\/amberwinefestival.com\/sl\/povprasevanja-za-medije\/","title":{"rendered":"Urad za medije"},"content":{"rendered":"<!--themify_builder_content-->\n<div id=\"themify_builder_content-5085\" data-postid=\"5085\" class=\"themify_builder_content themify_builder_content-5085 themify_builder tf_clear\">\n                    <div  data-css_id=\"8h4g005\" data-lazy=\"1\" class=\"module_row themify_builder_row fullwidth_row_container tb_8h4g005 tb_first tf_w\">\n                        <div class=\"row_inner col_align_top tb_col_count_1 tf_box tf_rel\">\n                        <div  data-lazy=\"1\" class=\"module_column tb-column col-full tb_ovue820 first\">\n                    <!-- module text -->\n<div  class=\"module module-text tb_za89651   \" data-lazy=\"1\">\n        <div  class=\"tb_text_wrap\">\n        <p class=\"\" data-start=\"109\" data-end=\"243\">Dobrodo\u0161li v uradnem medijskem koti\u010dku <strong data-start=\"151\" data-end=\"174\">Amber Wine Festivala<\/strong>, edinstvenega dogodka, posve\u010denega tradiciji maceriranih belih vin.<\/p>\n<p class=\"\" data-start=\"245\" data-end=\"550\">Z veseljem sprejemamo novinarje, blogerje, urednike in medijske strokovnjake z vsega sveta. \u010ce \u017eelite prejeti medijske materiale, zaprositi za intervju, akreditacijo ali preprosto izvedeti ve\u010d o filozofiji festivala in spoznati izbrane vinarje, smo vam na voljo.<\/p>\n<p class=\"\" data-start=\"552\" data-end=\"745\">Za prejem na\u0161ega <strong data-start=\"575\" data-end=\"588\">press kita<\/strong>, ekskluzivnih posodobitev in za oddajo pro\u0161nje za <strong data-start=\"627\" data-end=\"649\">medijsko akreditacijo<\/strong>, vas vabimo, da izpolnite spodnji obrazec.<br data-start=\"698\" data-end=\"701\" \/>Z veseljem bomo stopili v stik z vami.<\/p>    <\/div>\n<\/div>\n<!-- \/module text -->        <\/div>\n                        <\/div>\n        <\/div>\n                        <div  data-lazy=\"1\" class=\"module_row themify_builder_row tb_16yg667 tf_w\">\n                        <div class=\"row_inner col_align_top tb_col_count_1 tf_box tf_rel\">\n                        <div  data-lazy=\"1\" class=\"module_column tb-column col-full tb_10h0667 first\">\n                    <!-- module contact -->\n<div  id=\"tb_6yyn845\" class=\"module module-contact tb_6yyn845 contact-style1 \" data-lazy=\"1\">\n    \n\t<form class=\"builder-contact\"\n\t\tid=\"tb_6yyn845-form\"\n\t\tmethod=\"post\"\n\t\tdata-post-id=\"5085\"\n\t\tdata-element-id=\"6yyn845\"\n\t\tdata-orig-id=\"5085\"\n\t>\n    <div class=\"contact-message\"><\/div>\n\t<div class=\"builder-contact-fields tf_rel\">\n\t\t    \t\t    <div class=\"builder-contact-field builder-contact-field-name builder-contact-text-field\">\n\t\t\t    <label class=\"control-label\" for=\"tb_6yyn845-contact-name\">\n\t\t\t\t\t\t\t\t\t\t<span class=\"tb-label-span\">Ime in priimek <\/span><span class=\"required\">*<\/span>\t\t\t\t<\/label>\n\t\t\t    <div class=\"control-input tf_rel\">\n\t\t\t\t    \t\t\t\t\t    <input type=\"text\" name=\"contact-name\" placeholder=\" Ime in priimek\" id=\"tb_6yyn845-contact-name\" value=\"\" class=\"form-control\" required>\n\t\t\t\t    \t\t\t\t    \t\t\t    <\/div>\n\t\t<\/div>\n\t    \n\t\t    \t\t    <div class=\"builder-contact-field builder-contact-field-email builder-contact-text-field\">\n\t\t\t    <label class=\"control-label\" for=\"tb_6yyn845-contact-email\">\n\t\t\t\t\t\t\t\t\t\t<span class=\"tb-label-span\">Elektronski naslov <\/span><span class=\"required\">*<\/span>\t\t\t\t<\/label>\n\t\t\t    <div class=\"control-input tf_rel\">\n\t\t\t\t    \t\t\t\t\t    <input type=\"email\" name=\"contact-email\" placeholder=\" Va\u0161 poklicni kontaktni e-po\u0161tni naslov\" id=\"tb_6yyn845-contact-email\" value=\"\" class=\"form-control\" required>\n\t\t\t\t    \t\t\t\t    \t\t\t    <\/div>\n\t\t<\/div>\n\t    \n\t\t    \t\t    \t\t    <div class=\"builder-contact-field builder-contact-field-extra builder-contact-text-field\">\n\t\t\t\t\n\t\t\t\t<label class=\"control-label\" for=\"field_extra_tb_6yyn845_0\">\n\t\t\t\t\t\n\t\t\t\t\tMedij\t\t\t\t\t\t\t\t\t\t\t<input type=\"hidden\" name=\"field_extra_name_0\" value=\"Medij\">\n\t\t\t\t\t\t\t\t\t\t\t<span class=\"required\">*<\/span>\n\t\t\t\t\t\t\t\t\t<\/label>\n\t\t\t\t<div class=\"control-input tf_rel\">\n\t\t\t\t\t\t\t\t\t\t\t<input type=\"text\" name=\"field_extra_0\" id=\"field_extra_tb_6yyn845_0\" placeholder=\"Katero medijsko hi\u0161o ali platformo zastopate?\" class=\"form-control\" required>\n\t\t\t\t\t\n\t\t\t\t\t\t\t\t\t<\/div>\n\t\t    <\/div>\n\t    \n\t\t    \t\t    <div class=\"builder-contact-field builder-contact-field-message builder-contact-textarea-field\">\n\t\t\t    <label class=\"control-label\" for=\"tb_6yyn845-contact-message\">\n\t\t\t\t\t\t\t\t\t\t<span class=\"tb-label-span\">Sporo\u010dilo <\/span>\t\t\t\t<\/label>\n\t\t\t    <div class=\"control-input tf_rel\">\n\t\t\t\t    \t\t\t\t\t    <textarea name=\"contact-message\" placeholder=\" Sporo\u010dite nam, kako vam lahko pomagamo, \u010de i\u0161\u010dete intervjuje, \u010dlanke, novinarska dovoljenja ali dostop do zakulisja.\" id=\"tb_6yyn845-contact-message\" class=\"form-control\"><\/textarea>\n\t\t\t\t    \t\t\t\t    \t\t\t    <\/div>\n\t\t<\/div>\n\t    \n\t\t    \t\t<div class=\"builder-contact-field builder-contact-field-sendcopy\">\n\t\t    <div class=\"control-label\">\n\t\t\t\t<div class=\"control-input tf_rel\">\n\t\t\t\t\t<label class=\"send-copy\">\n\t\t\t\t\t\t<input type=\"checkbox\" name=\"contact-sendcopy\" id=\"tb_6yyn845-sendcopy\" value=\"1\">\n\t\t\t\t\t\t<span>Po\u0161ljite kopijo sebi<\/span>\n\t\t\t\t\t<\/label>\n\t\t\t\t<\/div>\n\t\t    <\/div>\n\t\t<\/div>\n\t    \t\t\n\t\t\n\t    \n\t    <div class=\"builder-contact-field builder-contact-field-send control-input tf_textl tf_clear tf_rel\">\n\t\t\t<button type=\"submit\" class=\"btn btn-primary\">\n\t\t\t\t<span class=\"tf_loader\"><\/span>\t\t\t\t<span class=\"tf_submit_icon\"><\/span> \n\t\t\t\tPo\u0161lji  \t\t\t<\/button>\n\t    <\/div>\n\t<\/div>\n    <\/form>\n    <\/div>\n<!-- \/module contact -->\n        <\/div>\n                        <\/div>\n        <\/div>\n                        <div  data-css_id=\"2pzo454\" data-lazy=\"1\" class=\"module_row themify_builder_row fullwidth_row_container tb_2pzo454 tf_w\">\n                        <div class=\"row_inner col_align_top tb_col_count_1 tf_box tf_rel\">\n                        <div  data-lazy=\"1\" class=\"module_column tb-column col-full tb_e6ka454 first\">\n                            <div  data-lazy=\"1\" class=\"module_subrow themify_builder_sub_row tf_w col_align_top tb_col_count_1 tb_mhpx454\">\n                <div  data-lazy=\"1\" class=\"module_column sub_column col-full tb_8i77454 first\">\n                    <!-- module buttons -->\n<div  class=\"module module-buttons tb_0qkq454 buttons-horizontal solid  xlarge squared\" data-lazy=\"1\">\n        <div class=\"module-buttons-item tf_in_flx\">\n                        <a href=\"https:\/\/amberwinefestival.com\/wp-content\/uploads\/2025\/05\/press_kit_slovenia.zip\" class=\"ui builder_button tf_in_flx tb_default_color\" target=\"_blank\" rel=\"noopener\">\n                                                PRESS KIT AWF 2025                                        <\/a>\n                <\/div>\n            <\/div>\n<!-- \/module buttons -->\n        <\/div>\n                    <\/div>\n                <\/div>\n                        <\/div>\n        <\/div>\n        <\/div>\n<!--\/themify_builder_content-->","protected":false},"excerpt":{"rendered":"<p>Dobrodo\u0161li v uradnem medijskem koti\u010dku Amber Wine Festivala, edinstvenega dogodka, posve\u010denega tradiciji maceriranih belih vin. Z veseljem sprejemamo novinarje, blogerje, urednike in medijske strokovnjake z vsega sveta. \u010ce \u017eelite prejeti medijske materiale, zaprositi za intervju, akreditacijo ali preprosto izvedeti ve\u010d o filozofiji festivala in spoznati izbrane vinarje, smo vam na voljo. Za prejem na\u0161ega press [&hellip;]<\/p>\n","protected":false},"author":1,"featured_media":0,"parent":0,"menu_order":0,"comment_status":"closed","ping_status":"closed","template":"","meta":{"footnotes":""},"class_list":["post-5085","page","type-page","status-publish","hentry","has-post-title","has-post-date","has-post-category","has-post-tag","has-post-comment","has-post-author",""],"yoast_head":"<!-- This site is optimized with the Yoast SEO plugin v27.5 - https:\/\/yoast.com\/product\/yoast-seo-wordpress\/ -->\n<title>Urad za medije - Amber Wine Festival<\/title>\n<meta name=\"robots\" content=\"index, follow, max-snippet:-1, max-image-preview:large, max-video-preview:-1\" \/>\n<link rel=\"canonical\" href=\"https:\/\/amberwinefestival.com\/sl\/povprasevanja-za-medije\/\" \/>\n<meta property=\"og:locale\" content=\"sl_SI\" \/>\n<meta property=\"og:type\" content=\"article\" \/>\n<meta property=\"og:title\" content=\"Urad za medije - Amber Wine Festival\" \/>\n<meta property=\"og:description\" content=\"Dobrodo\u0161li v uradnem medijskem koti\u010dku Amber Wine Festivala, edinstvenega dogodka, posve\u010denega tradiciji maceriranih belih vin. Z veseljem sprejemamo novinarje, blogerje, urednike in medijske strokovnjake z vsega sveta. \u010ce \u017eelite prejeti medijske materiale, zaprositi za intervju, akreditacijo ali preprosto izvedeti ve\u010d o filozofiji festivala in spoznati izbrane vinarje, smo vam na voljo. Za prejem na\u0161ega press [&hellip;]\" \/>\n<meta property=\"og:url\" content=\"https:\/\/amberwinefestival.com\/sl\/povprasevanja-za-medije\/\" \/>\n<meta property=\"og:site_name\" content=\"Amber Wine Festival\" \/>\n<meta property=\"article:publisher\" content=\"https:\/\/www.facebook.com\/amberwinefestival\/\" \/>\n<meta property=\"article:modified_time\" content=\"2025-05-13T10:37:45+00:00\" \/>\n<meta name=\"twitter:card\" content=\"summary_large_image\" \/>\n<meta name=\"twitter:label1\" content=\"Est. reading time\" \/>\n\t<meta name=\"twitter:data1\" content=\"1 minuta\" \/>\n<script type=\"application\/ld+json\" class=\"yoast-schema-graph\">{\"@context\":\"https:\\\/\\\/schema.org\",\"@graph\":[{\"@type\":\"WebPage\",\"@id\":\"https:\\\/\\\/amberwinefestival.com\\\/sl\\\/povprasevanja-za-medije\\\/\",\"url\":\"https:\\\/\\\/amberwinefestival.com\\\/sl\\\/povprasevanja-za-medije\\\/\",\"name\":\"Urad za medije - Amber Wine Festival\",\"isPartOf\":{\"@id\":\"https:\\\/\\\/amberwinefestival.com\\\/sl\\\/#website\"},\"datePublished\":\"2025-04-24T11:19:04+00:00\",\"dateModified\":\"2025-05-13T10:37:45+00:00\",\"breadcrumb\":{\"@id\":\"https:\\\/\\\/amberwinefestival.com\\\/sl\\\/povprasevanja-za-medije\\\/#breadcrumb\"},\"inLanguage\":\"sl-SI\",\"potentialAction\":[{\"@type\":\"ReadAction\",\"target\":[\"https:\\\/\\\/amberwinefestival.com\\\/sl\\\/povprasevanja-za-medije\\\/\"]}]},{\"@type\":\"BreadcrumbList\",\"@id\":\"https:\\\/\\\/amberwinefestival.com\\\/sl\\\/povprasevanja-za-medije\\\/#breadcrumb\",\"itemListElement\":[{\"@type\":\"ListItem\",\"position\":1,\"name\":\"Home\",\"item\":\"https:\\\/\\\/amberwinefestival.com\\\/sl\\\/\"},{\"@type\":\"ListItem\",\"position\":2,\"name\":\"Urad za medije\"}]},{\"@type\":\"WebSite\",\"@id\":\"https:\\\/\\\/amberwinefestival.com\\\/sl\\\/#website\",\"url\":\"https:\\\/\\\/amberwinefestival.com\\\/sl\\\/\",\"name\":\"Amber Wine Festival\",\"description\":\"Prolonged maceration white wines\",\"publisher\":{\"@id\":\"https:\\\/\\\/amberwinefestival.com\\\/sl\\\/#organization\"},\"potentialAction\":[{\"@type\":\"SearchAction\",\"target\":{\"@type\":\"EntryPoint\",\"urlTemplate\":\"https:\\\/\\\/amberwinefestival.com\\\/sl\\\/?s={search_term_string}\"},\"query-input\":{\"@type\":\"PropertyValueSpecification\",\"valueRequired\":true,\"valueName\":\"search_term_string\"}}],\"inLanguage\":\"sl-SI\"},{\"@type\":\"Organization\",\"@id\":\"https:\\\/\\\/amberwinefestival.com\\\/sl\\\/#organization\",\"name\":\"Amber Wine Festival\",\"url\":\"https:\\\/\\\/amberwinefestival.com\\\/sl\\\/\",\"logo\":{\"@type\":\"ImageObject\",\"inLanguage\":\"sl-SI\",\"@id\":\"https:\\\/\\\/amberwinefestival.com\\\/sl\\\/#\\\/schema\\\/logo\\\/image\\\/\",\"url\":\"https:\\\/\\\/amberwinefestival.com\\\/wp-content\\\/uploads\\\/2022\\\/04\\\/amber_wine.jpg\",\"contentUrl\":\"https:\\\/\\\/amberwinefestival.com\\\/wp-content\\\/uploads\\\/2022\\\/04\\\/amber_wine.jpg\",\"width\":400,\"height\":241,\"caption\":\"Amber Wine Festival\"},\"image\":{\"@id\":\"https:\\\/\\\/amberwinefestival.com\\\/sl\\\/#\\\/schema\\\/logo\\\/image\\\/\"},\"sameAs\":[\"https:\\\/\\\/www.facebook.com\\\/amberwinefestival\\\/\",\"https:\\\/\\\/www.instagram.com\\\/amberwinefestival\\\/\"]}]}<\/script>\n<!-- \/ Yoast SEO plugin. -->","yoast_head_json":{"title":"Urad za medije - Amber Wine Festival","robots":{"index":"index","follow":"follow","max-snippet":"max-snippet:-1","max-image-preview":"max-image-preview:large","max-video-preview":"max-video-preview:-1"},"canonical":"https:\/\/amberwinefestival.com\/sl\/povprasevanja-za-medije\/","og_locale":"sl_SI","og_type":"article","og_title":"Urad za medije - Amber Wine Festival","og_description":"Dobrodo\u0161li v uradnem medijskem koti\u010dku Amber Wine Festivala, edinstvenega dogodka, posve\u010denega tradiciji maceriranih belih vin. Z veseljem sprejemamo novinarje, blogerje, urednike in medijske strokovnjake z vsega sveta. \u010ce \u017eelite prejeti medijske materiale, zaprositi za intervju, akreditacijo ali preprosto izvedeti ve\u010d o filozofiji festivala in spoznati izbrane vinarje, smo vam na voljo. Za prejem na\u0161ega press [&hellip;]","og_url":"https:\/\/amberwinefestival.com\/sl\/povprasevanja-za-medije\/","og_site_name":"Amber Wine Festival","article_publisher":"https:\/\/www.facebook.com\/amberwinefestival\/","article_modified_time":"2025-05-13T10:37:45+00:00","twitter_card":"summary_large_image","twitter_misc":{"Est. reading time":"1 minuta"},"schema":{"@context":"https:\/\/schema.org","@graph":[{"@type":"WebPage","@id":"https:\/\/amberwinefestival.com\/sl\/povprasevanja-za-medije\/","url":"https:\/\/amberwinefestival.com\/sl\/povprasevanja-za-medije\/","name":"Urad za medije - Amber Wine Festival","isPartOf":{"@id":"https:\/\/amberwinefestival.com\/sl\/#website"},"datePublished":"2025-04-24T11:19:04+00:00","dateModified":"2025-05-13T10:37:45+00:00","breadcrumb":{"@id":"https:\/\/amberwinefestival.com\/sl\/povprasevanja-za-medije\/#breadcrumb"},"inLanguage":"sl-SI","potentialAction":[{"@type":"ReadAction","target":["https:\/\/amberwinefestival.com\/sl\/povprasevanja-za-medije\/"]}]},{"@type":"BreadcrumbList","@id":"https:\/\/amberwinefestival.com\/sl\/povprasevanja-za-medije\/#breadcrumb","itemListElement":[{"@type":"ListItem","position":1,"name":"Home","item":"https:\/\/amberwinefestival.com\/sl\/"},{"@type":"ListItem","position":2,"name":"Urad za medije"}]},{"@type":"WebSite","@id":"https:\/\/amberwinefestival.com\/sl\/#website","url":"https:\/\/amberwinefestival.com\/sl\/","name":"Amber Wine Festival","description":"Prolonged maceration white wines","publisher":{"@id":"https:\/\/amberwinefestival.com\/sl\/#organization"},"potentialAction":[{"@type":"SearchAction","target":{"@type":"EntryPoint","urlTemplate":"https:\/\/amberwinefestival.com\/sl\/?s={search_term_string}"},"query-input":{"@type":"PropertyValueSpecification","valueRequired":true,"valueName":"search_term_string"}}],"inLanguage":"sl-SI"},{"@type":"Organization","@id":"https:\/\/amberwinefestival.com\/sl\/#organization","name":"Amber Wine Festival","url":"https:\/\/amberwinefestival.com\/sl\/","logo":{"@type":"ImageObject","inLanguage":"sl-SI","@id":"https:\/\/amberwinefestival.com\/sl\/#\/schema\/logo\/image\/","url":"https:\/\/amberwinefestival.com\/wp-content\/uploads\/2022\/04\/amber_wine.jpg","contentUrl":"https:\/\/amberwinefestival.com\/wp-content\/uploads\/2022\/04\/amber_wine.jpg","width":400,"height":241,"caption":"Amber Wine Festival"},"image":{"@id":"https:\/\/amberwinefestival.com\/sl\/#\/schema\/logo\/image\/"},"sameAs":["https:\/\/www.facebook.com\/amberwinefestival\/","https:\/\/www.instagram.com\/amberwinefestival\/"]}]}},"builder_content":"<p data-start=\"109\" data-end=\"243\">Dobrodo\u0161li v uradnem medijskem koti\u010dku <strong data-start=\"151\" data-end=\"174\">Amber Wine Festivala<\/strong>, edinstvenega dogodka, posve\u010denega tradiciji maceriranih belih vin.<\/p> <p data-start=\"245\" data-end=\"550\">Z veseljem sprejemamo novinarje, blogerje, urednike in medijske strokovnjake z vsega sveta. \u010ce \u017eelite prejeti medijske materiale, zaprositi za intervju, akreditacijo ali preprosto izvedeti ve\u010d o filozofiji festivala in spoznati izbrane vinarje, smo vam na voljo.<\/p> <p data-start=\"552\" data-end=\"745\">Za prejem na\u0161ega <strong data-start=\"575\" data-end=\"588\">press kita<\/strong>, ekskluzivnih posodobitev in za oddajo pro\u0161nje za <strong data-start=\"627\" data-end=\"649\">medijsko akreditacijo<\/strong>, vas vabimo, da izpolnite spodnji obrazec.<br data-start=\"698\" data-end=\"701\" \/>Z veseljem bomo stopili v stik z vami.<\/p>\n<form id=\"tb_6yyn845-form\" method=\"post\" data-post-id=\"0\" data-element-id=\"6yyn845\" data-orig-id=\"5085\" > <label for=\"tb_6yyn845-contact-name\"> Ime in priimek * <\/label> <input type=\"text\" name=\"contact-name\" placeholder=\" Ime in priimek\" id=\"tb_6yyn845-contact-name\" value=\"\" required> <label for=\"tb_6yyn845-contact-email\"> Elektronski naslov * <\/label> <input type=\"email\" name=\"contact-email\" placeholder=\" Va\u0161 poklicni kontaktni e-po\u0161tni naslov\" id=\"tb_6yyn845-contact-email\" value=\"\" required> <label for=\"field_extra_tb_6yyn845_0\"> Medij <input type=\"hidden\" name=\"field_extra_name_0\" value=\"Medij\"> * <\/label> <input type=\"text\" name=\"field_extra_0\" id=\"field_extra_tb_6yyn845_0\" placeholder=\"Katero medijsko hi\u0161o ali platformo zastopate?\" required> <label for=\"tb_6yyn845-contact-message\"> Sporo\u010dilo <\/label> <textarea name=\"contact-message\" placeholder=\" Sporo\u010dite nam, kako vam lahko pomagamo, \u010de i\u0161\u010dete intervjuje, \u010dlanke, novinarska dovoljenja ali dostop do zakulisja.\" id=\"tb_6yyn845-contact-message\"><\/textarea> <label> <input type=\"checkbox\" name=\"contact-sendcopy\" id=\"tb_6yyn845-sendcopy\" value=\"1\"> Po\u0161ljite kopijo sebi <\/label> <button type=\"submit\"> Po\u0161lji <\/button> <\/form>\n<a href=\"https:\/\/amberwinefestival.com\/wp-content\/uploads\/2025\/05\/press_kit_slovenia.zip\" target=\"_blank\" rel=\"noopener\"> PRESS KIT AWF 2025 <\/a>","_links":{"self":[{"href":"https:\/\/amberwinefestival.com\/sl\/wp-json\/wp\/v2\/pages\/5085","targetHints":{"allow":["GET"]}}],"collection":[{"href":"https:\/\/amberwinefestival.com\/sl\/wp-json\/wp\/v2\/pages"}],"about":[{"href":"https:\/\/amberwinefestival.com\/sl\/wp-json\/wp\/v2\/types\/page"}],"author":[{"embeddable":true,"href":"https:\/\/amberwinefestival.com\/sl\/wp-json\/wp\/v2\/users\/1"}],"replies":[{"embeddable":true,"href":"https:\/\/amberwinefestival.com\/sl\/wp-json\/wp\/v2\/comments?post=5085"}],"version-history":[{"count":16,"href":"https:\/\/amberwinefestival.com\/sl\/wp-json\/wp\/v2\/pages\/5085\/revisions"}],"predecessor-version":[{"id":5418,"href":"https:\/\/amberwinefestival.com\/sl\/wp-json\/wp\/v2\/pages\/5085\/revisions\/5418"}],"wp:attachment":[{"href":"https:\/\/amberwinefestival.com\/sl\/wp-json\/wp\/v2\/media?parent=5085"}],"curies":[{"name":"wp","href":"https:\/\/api.w.org\/{rel}","templated":true}]}}