{"id":5470,"date":"2025-05-16T09:21:04","date_gmt":"2025-05-16T09:21:04","guid":{"rendered":"https:\/\/amberwinefestival.com\/?page_id=5470"},"modified":"2025-05-16T09:26:24","modified_gmt":"2025-05-16T09:26:24","slug":"vodene-degustacije","status":"publish","type":"page","link":"https:\/\/amberwinefestival.com\/sl\/vodene-degustacije\/","title":{"rendered":"Vodene degustacije"},"content":{"rendered":"<!--themify_builder_content-->\n<div id=\"themify_builder_content-5470\" data-postid=\"5470\" class=\"themify_builder_content themify_builder_content-5470 themify_builder tf_clear\">\n                    <div  data-css_id=\"nqjz967\" data-lazy=\"1\" class=\"module_row themify_builder_row fullwidth_row_container tb_nqjz967 tb_first tf_w\">\n                        <div class=\"row_inner col_align_top tb_col_count_1 tf_box tf_rel\">\n                        <div  data-lazy=\"1\" class=\"module_column tb-column col-full tb_57wa967 first\">\n                    <!-- module text -->\n<div  class=\"module module-text tb_88d0967   \" data-lazy=\"1\">\n        <div  class=\"tb_text_wrap\">\n        <p><strong>Malvazija: vodena geografska degustacija | Petek, 17:00, dvorana \u201ccamerini\u201d<\/strong><\/p><p>Senzori\u010dno popotovanje skozi en sam letnik malvazije, vinificirane na razli\u010dnih, a bli\u017enjih ozemljih. Prilo\u017enost za raziskovanje identitete te plemenite trte v njenih \u0161tevilnih izrazih, od primerjave tal, mikroklime in raznolikosti njenih odtenkov. Prisluhnemo vinu, zaznamo v kozarcu\u00a0ozemlje\u00a0in skupaj odkrijemo njene stalnice in spremembe v zorjenju.<\/p><p><strong>Sledi \u010dasa: trije vinarji, dve dobi | Sobota, 17:00 |\u00a0dvorana \u201ccamerini\u201d<\/strong><\/p><p>Vodena degustacija za prisluh \u010dasa skozi vino. Trije vinarji, \u0161tirje kozarci: od vsakega dva letnika za primerjavo: mlaj\u0161i in zorjen preko deset let. Senzori\u010dno potovanje med sedanjostjo in preteklostjo, kjer odkrivamo, kako \u010das oblikuje snov, razkriva zna\u010daj ozemlja in odra\u017ea slog vinarjev, ki gojijo trto in pridelujejo vino. Dialog med letniki, ljudmi in pokrajinami, kjer vsak po\u017eirek odkriva sledi preteklosti.<\/p>    <\/div>\n<\/div>\n<!-- \/module text -->        <\/div>\n                        <\/div>\n        <\/div>\n                        <div  data-css_id=\"gm4q128\" data-lazy=\"1\" class=\"module_row themify_builder_row fullwidth_row_container tb_gm4q128 tf_w\">\n                        <div class=\"row_inner col_align_top tb_col_count_1 tf_box tf_rel\">\n                        <div  data-lazy=\"1\" class=\"module_column tb-column col-full tb_pjsg128 first\">\n                    <!-- module text -->\n<div  class=\"module module-text tb_exat128   \" data-lazy=\"1\">\n        <div  class=\"tb_text_wrap\">\n        <p><strong>Vodene degustacije:<\/strong><\/p><p><strong>Robi Jakomin<\/strong> \u2013 tr\u017ee\u010dan, pripovedovalec in voditelj kulinari\u010dnih in vinskih do\u017eivetij<\/p><p>Degustacije sprejmejo najve\u010d 14 udele\u017eencev. Rezervirajte do\u017eivetje.<\/p>    <\/div>\n<\/div>\n<!-- \/module text -->        <\/div>\n                        <\/div>\n        <\/div>\n                        <div  data-lazy=\"1\" class=\"module_row themify_builder_row tb_xd91928 tf_w\">\n                        <div class=\"row_inner col_align_top tb_col_count_1 tf_box tf_rel\">\n                        <div  data-lazy=\"1\" class=\"module_column tb-column col-full tb_ais6928 first\">\n                    <!-- module contact -->\n<div  id=\"tb_52l3928\" class=\"module module-contact tb_52l3928 contact-style1 \" data-lazy=\"1\">\n    \n\t<form class=\"builder-contact\"\n\t\tid=\"tb_52l3928-form\"\n\t\tmethod=\"post\"\n\t\tdata-post-id=\"5470\"\n\t\tdata-element-id=\"52l3928\"\n\t\tdata-orig-id=\"5470\"\n\t>\n    <div class=\"contact-message\"><\/div>\n\t<div class=\"builder-contact-fields tf_rel\">\n\t\t    \t\t    <div class=\"builder-contact-field builder-contact-field-name builder-contact-text-field\">\n\t\t\t    <label class=\"control-label\" for=\"tb_52l3928-contact-name\">\n\t\t\t\t\t\t\t\t\t\t<span class=\"tb-label-span\">Va\u0161e ime <\/span><span class=\"required\">*<\/span>\t\t\t\t<\/label>\n\t\t\t    <div class=\"control-input tf_rel\">\n\t\t\t\t    \t\t\t\t\t    <input type=\"text\" name=\"contact-name\" placeholder=\"Ime in Priimek\" id=\"tb_52l3928-contact-name\" value=\"\" class=\"form-control\" required>\n\t\t\t\t    \t\t\t\t    \t\t\t    <\/div>\n\t\t<\/div>\n\t    \n\t\t    \t\t    <div class=\"builder-contact-field builder-contact-field-email builder-contact-text-field\">\n\t\t\t    <label class=\"control-label\" for=\"tb_52l3928-contact-email\">\n\t\t\t\t\t\t\t\t\t\t<span class=\"tb-label-span\">E-po\u0161ta <\/span><span class=\"required\">*<\/span>\t\t\t\t<\/label>\n\t\t\t    <div class=\"control-input tf_rel\">\n\t\t\t\t    \t\t\t\t\t    <input type=\"email\" name=\"contact-email\" placeholder=\"Kontakt e-po\u0161ta\" id=\"tb_52l3928-contact-email\" value=\"\" class=\"form-control\" required>\n\t\t\t\t    \t\t\t\t    \t\t\t    <\/div>\n\t\t<\/div>\n\t    \n\t\t    \t\t    \t\t    <div class=\"builder-contact-field builder-contact-field-extra builder-contact-select-field\">\n\t\t\t\t\n\t\t\t\t<label class=\"control-label\" for=\"field_extra_tb_52l3928_0\">\n\t\t\t\t\t\n\t\t\t\t\tDegustacija\t\t\t\t\t\t\t\t\t\t\t<input type=\"hidden\" name=\"field_extra_name_0\" value=\"Degustacija\">\n\t\t\t\t\t\t\t\t\t\t\t<span class=\"required\">*<\/span>\n\t\t\t\t\t\t\t\t\t<\/label>\n\t\t\t\t<div class=\"control-input tf_rel\">\n\t\t\t\t\t\t\t\t\t\t\t\t\t\t\t\t\t\t<select id=\"field_extra_tb_52l3928_0\" name=\"field_extra_0\" class=\"form-control tf_scrollbar\" required>\n\t\t\t\t\t\t\t\t\t\t\t\t\t\t\t\t\t\t\t\t\t\t\t\t\t<option value=\"Malvazija: vodena geografska degustacija | Petek, 17:00, dvorana \u201ccamerini\u201d\"> Malvazija: vodena geografska degustacija | Petek, 17:00, dvorana \u201ccamerini\u201d <\/option>\n\t\t\t\t\t\t\t\t\t\t\t\t\t\t\t\t\t<option value=\"Sledi \u010dasa: trije vinarji, dve dobi | Sobota, 17:00 | dvorana \u201ccamerini\u201d\"> Sledi \u010dasa: trije vinarji, dve dobi | Sobota, 17:00 | dvorana \u201ccamerini\u201d <\/option>\n\t\t\t\t\t\t\t\t\t\t\t\t\t\t\t<\/select>\n\t\t\t\t\t\t\t\t\t\t\t\n\t\t\t\t\t\t\t\t\t<\/div>\n\t\t    <\/div>\n\t    \n\t\t    \t\t<div class=\"builder-contact-field builder-contact-field-sendcopy\">\n\t\t    <div class=\"control-label\">\n\t\t\t\t<div class=\"control-input tf_rel\">\n\t\t\t\t\t<label class=\"send-copy\">\n\t\t\t\t\t\t<input type=\"checkbox\" name=\"contact-sendcopy\" id=\"tb_52l3928-sendcopy\" value=\"1\">\n\t\t\t\t\t\t<span>Po\u0161lji kopijo sebi<\/span>\n\t\t\t\t\t<\/label>\n\t\t\t\t<\/div>\n\t\t    <\/div>\n\t\t<\/div>\n\t    \t\t\n\t\t\n\t    \n\t    <div class=\"builder-contact-field builder-contact-field-send control-input tf_textl tf_clear tf_rel\">\n\t\t\t<button type=\"submit\" class=\"btn btn-primary\">\n\t\t\t\t<span class=\"tf_loader\"><\/span>\t\t\t\t<span class=\"tf_submit_icon\"><\/span> \n\t\t\t\tPo\u0161lji \t\t\t<\/button>\n\t    <\/div>\n\t<\/div>\n    <\/form>\n    <\/div>\n<!-- \/module contact -->\n        <\/div>\n                        <\/div>\n        <\/div>\n        <\/div>\n<!--\/themify_builder_content-->","protected":false},"excerpt":{"rendered":"<p>Malvazija: vodena geografska degustacija | Petek, 17:00, dvorana \u201ccamerini\u201dSenzori\u010dno popotovanje skozi en sam letnik malvazije, vinificirane na razli\u010dnih, a bli\u017enjih ozemljih. Prilo\u017enost za raziskovanje identitete te plemenite trte v njenih \u0161tevilnih izrazih, od primerjave tal, mikroklime in raznolikosti njenih odtenkov. Prisluhnemo vinu, zaznamo v kozarcu\u00a0ozemlje\u00a0in skupaj odkrijemo njene stalnice in spremembe v zorjenju.Sledi \u010dasa: trije [&hellip;]<\/p>\n","protected":false},"author":1,"featured_media":0,"parent":0,"menu_order":0,"comment_status":"closed","ping_status":"closed","template":"","meta":{"footnotes":""},"class_list":["post-5470","page","type-page","status-publish","hentry","has-post-title","has-post-date","has-post-category","has-post-tag","has-post-comment","has-post-author",""],"yoast_head":"<!-- This site is optimized with the Yoast SEO plugin v27.5 - https:\/\/yoast.com\/product\/yoast-seo-wordpress\/ -->\n<title>Vodene degustacije - Amber Wine Festival<\/title>\n<meta name=\"robots\" content=\"index, follow, max-snippet:-1, max-image-preview:large, max-video-preview:-1\" \/>\n<link rel=\"canonical\" href=\"https:\/\/amberwinefestival.com\/sl\/vodene-degustacije\/\" \/>\n<meta property=\"og:locale\" content=\"sl_SI\" \/>\n<meta property=\"og:type\" content=\"article\" \/>\n<meta property=\"og:title\" content=\"Vodene degustacije - Amber Wine Festival\" \/>\n<meta property=\"og:description\" content=\"Malvazija: vodena geografska degustacija | Petek, 17:00, dvorana \u201ccamerini\u201dSenzori\u010dno popotovanje skozi en sam letnik malvazije, vinificirane na razli\u010dnih, a bli\u017enjih ozemljih. Prilo\u017enost za raziskovanje identitete te plemenite trte v njenih \u0161tevilnih izrazih, od primerjave tal, mikroklime in raznolikosti njenih odtenkov. Prisluhnemo vinu, zaznamo v kozarcu\u00a0ozemlje\u00a0in skupaj odkrijemo njene stalnice in spremembe v zorjenju.Sledi \u010dasa: trije [&hellip;]\" \/>\n<meta property=\"og:url\" content=\"https:\/\/amberwinefestival.com\/sl\/vodene-degustacije\/\" \/>\n<meta property=\"og:site_name\" content=\"Amber Wine Festival\" \/>\n<meta property=\"article:publisher\" content=\"https:\/\/www.facebook.com\/amberwinefestival\/\" \/>\n<meta property=\"article:modified_time\" content=\"2025-05-16T09:26:24+00:00\" \/>\n<meta name=\"twitter:card\" content=\"summary_large_image\" \/>\n<meta name=\"twitter:label1\" content=\"Est. reading time\" \/>\n\t<meta name=\"twitter:data1\" content=\"1 minuta\" \/>\n<script type=\"application\/ld+json\" class=\"yoast-schema-graph\">{\"@context\":\"https:\\\/\\\/schema.org\",\"@graph\":[{\"@type\":\"WebPage\",\"@id\":\"https:\\\/\\\/amberwinefestival.com\\\/sl\\\/vodene-degustacije\\\/\",\"url\":\"https:\\\/\\\/amberwinefestival.com\\\/sl\\\/vodene-degustacije\\\/\",\"name\":\"Vodene degustacije - Amber Wine Festival\",\"isPartOf\":{\"@id\":\"https:\\\/\\\/amberwinefestival.com\\\/sl\\\/#website\"},\"datePublished\":\"2025-05-16T09:21:04+00:00\",\"dateModified\":\"2025-05-16T09:26:24+00:00\",\"breadcrumb\":{\"@id\":\"https:\\\/\\\/amberwinefestival.com\\\/sl\\\/vodene-degustacije\\\/#breadcrumb\"},\"inLanguage\":\"sl-SI\",\"potentialAction\":[{\"@type\":\"ReadAction\",\"target\":[\"https:\\\/\\\/amberwinefestival.com\\\/sl\\\/vodene-degustacije\\\/\"]}]},{\"@type\":\"BreadcrumbList\",\"@id\":\"https:\\\/\\\/amberwinefestival.com\\\/sl\\\/vodene-degustacije\\\/#breadcrumb\",\"itemListElement\":[{\"@type\":\"ListItem\",\"position\":1,\"name\":\"Home\",\"item\":\"https:\\\/\\\/amberwinefestival.com\\\/sl\\\/\"},{\"@type\":\"ListItem\",\"position\":2,\"name\":\"Vodene degustacije\"}]},{\"@type\":\"WebSite\",\"@id\":\"https:\\\/\\\/amberwinefestival.com\\\/sl\\\/#website\",\"url\":\"https:\\\/\\\/amberwinefestival.com\\\/sl\\\/\",\"name\":\"Amber Wine Festival\",\"description\":\"Prolonged maceration white wines\",\"publisher\":{\"@id\":\"https:\\\/\\\/amberwinefestival.com\\\/sl\\\/#organization\"},\"potentialAction\":[{\"@type\":\"SearchAction\",\"target\":{\"@type\":\"EntryPoint\",\"urlTemplate\":\"https:\\\/\\\/amberwinefestival.com\\\/sl\\\/?s={search_term_string}\"},\"query-input\":{\"@type\":\"PropertyValueSpecification\",\"valueRequired\":true,\"valueName\":\"search_term_string\"}}],\"inLanguage\":\"sl-SI\"},{\"@type\":\"Organization\",\"@id\":\"https:\\\/\\\/amberwinefestival.com\\\/sl\\\/#organization\",\"name\":\"Amber Wine Festival\",\"url\":\"https:\\\/\\\/amberwinefestival.com\\\/sl\\\/\",\"logo\":{\"@type\":\"ImageObject\",\"inLanguage\":\"sl-SI\",\"@id\":\"https:\\\/\\\/amberwinefestival.com\\\/sl\\\/#\\\/schema\\\/logo\\\/image\\\/\",\"url\":\"https:\\\/\\\/amberwinefestival.com\\\/wp-content\\\/uploads\\\/2022\\\/04\\\/amber_wine.jpg\",\"contentUrl\":\"https:\\\/\\\/amberwinefestival.com\\\/wp-content\\\/uploads\\\/2022\\\/04\\\/amber_wine.jpg\",\"width\":400,\"height\":241,\"caption\":\"Amber Wine Festival\"},\"image\":{\"@id\":\"https:\\\/\\\/amberwinefestival.com\\\/sl\\\/#\\\/schema\\\/logo\\\/image\\\/\"},\"sameAs\":[\"https:\\\/\\\/www.facebook.com\\\/amberwinefestival\\\/\",\"https:\\\/\\\/www.instagram.com\\\/amberwinefestival\\\/\"]}]}<\/script>\n<!-- \/ Yoast SEO plugin. -->","yoast_head_json":{"title":"Vodene degustacije - Amber Wine Festival","robots":{"index":"index","follow":"follow","max-snippet":"max-snippet:-1","max-image-preview":"max-image-preview:large","max-video-preview":"max-video-preview:-1"},"canonical":"https:\/\/amberwinefestival.com\/sl\/vodene-degustacije\/","og_locale":"sl_SI","og_type":"article","og_title":"Vodene degustacije - Amber Wine Festival","og_description":"Malvazija: vodena geografska degustacija | Petek, 17:00, dvorana \u201ccamerini\u201dSenzori\u010dno popotovanje skozi en sam letnik malvazije, vinificirane na razli\u010dnih, a bli\u017enjih ozemljih. Prilo\u017enost za raziskovanje identitete te plemenite trte v njenih \u0161tevilnih izrazih, od primerjave tal, mikroklime in raznolikosti njenih odtenkov. Prisluhnemo vinu, zaznamo v kozarcu\u00a0ozemlje\u00a0in skupaj odkrijemo njene stalnice in spremembe v zorjenju.Sledi \u010dasa: trije [&hellip;]","og_url":"https:\/\/amberwinefestival.com\/sl\/vodene-degustacije\/","og_site_name":"Amber Wine Festival","article_publisher":"https:\/\/www.facebook.com\/amberwinefestival\/","article_modified_time":"2025-05-16T09:26:24+00:00","twitter_card":"summary_large_image","twitter_misc":{"Est. reading time":"1 minuta"},"schema":{"@context":"https:\/\/schema.org","@graph":[{"@type":"WebPage","@id":"https:\/\/amberwinefestival.com\/sl\/vodene-degustacije\/","url":"https:\/\/amberwinefestival.com\/sl\/vodene-degustacije\/","name":"Vodene degustacije - Amber Wine Festival","isPartOf":{"@id":"https:\/\/amberwinefestival.com\/sl\/#website"},"datePublished":"2025-05-16T09:21:04+00:00","dateModified":"2025-05-16T09:26:24+00:00","breadcrumb":{"@id":"https:\/\/amberwinefestival.com\/sl\/vodene-degustacije\/#breadcrumb"},"inLanguage":"sl-SI","potentialAction":[{"@type":"ReadAction","target":["https:\/\/amberwinefestival.com\/sl\/vodene-degustacije\/"]}]},{"@type":"BreadcrumbList","@id":"https:\/\/amberwinefestival.com\/sl\/vodene-degustacije\/#breadcrumb","itemListElement":[{"@type":"ListItem","position":1,"name":"Home","item":"https:\/\/amberwinefestival.com\/sl\/"},{"@type":"ListItem","position":2,"name":"Vodene degustacije"}]},{"@type":"WebSite","@id":"https:\/\/amberwinefestival.com\/sl\/#website","url":"https:\/\/amberwinefestival.com\/sl\/","name":"Amber Wine Festival","description":"Prolonged maceration white wines","publisher":{"@id":"https:\/\/amberwinefestival.com\/sl\/#organization"},"potentialAction":[{"@type":"SearchAction","target":{"@type":"EntryPoint","urlTemplate":"https:\/\/amberwinefestival.com\/sl\/?s={search_term_string}"},"query-input":{"@type":"PropertyValueSpecification","valueRequired":true,"valueName":"search_term_string"}}],"inLanguage":"sl-SI"},{"@type":"Organization","@id":"https:\/\/amberwinefestival.com\/sl\/#organization","name":"Amber Wine Festival","url":"https:\/\/amberwinefestival.com\/sl\/","logo":{"@type":"ImageObject","inLanguage":"sl-SI","@id":"https:\/\/amberwinefestival.com\/sl\/#\/schema\/logo\/image\/","url":"https:\/\/amberwinefestival.com\/wp-content\/uploads\/2022\/04\/amber_wine.jpg","contentUrl":"https:\/\/amberwinefestival.com\/wp-content\/uploads\/2022\/04\/amber_wine.jpg","width":400,"height":241,"caption":"Amber Wine Festival"},"image":{"@id":"https:\/\/amberwinefestival.com\/sl\/#\/schema\/logo\/image\/"},"sameAs":["https:\/\/www.facebook.com\/amberwinefestival\/","https:\/\/www.instagram.com\/amberwinefestival\/"]}]}},"builder_content":"<p><strong>Malvazija: vodena geografska degustacija | Petek, 17:00, dvorana \u201ccamerini\u201d<\/strong><\/p><p>Senzori\u010dno popotovanje skozi en sam letnik malvazije, vinificirane na razli\u010dnih, a bli\u017enjih ozemljih. Prilo\u017enost za raziskovanje identitete te plemenite trte v njenih \u0161tevilnih izrazih, od primerjave tal, mikroklime in raznolikosti njenih odtenkov. Prisluhnemo vinu, zaznamo v kozarcu\u00a0ozemlje\u00a0in skupaj odkrijemo njene stalnice in spremembe v zorjenju.<\/p><p><strong>Sledi \u010dasa: trije vinarji, dve dobi | Sobota, 17:00 |\u00a0dvorana \u201ccamerini\u201d<\/strong><\/p><p>Vodena degustacija za prisluh \u010dasa skozi vino. Trije vinarji, \u0161tirje kozarci: od vsakega dva letnika za primerjavo: mlaj\u0161i in zorjen preko deset let. Senzori\u010dno potovanje med sedanjostjo in preteklostjo, kjer odkrivamo, kako \u010das oblikuje snov, razkriva zna\u010daj ozemlja in odra\u017ea slog vinarjev, ki gojijo trto in pridelujejo vino. Dialog med letniki, ljudmi in pokrajinami, kjer vsak po\u017eirek odkriva sledi preteklosti.<\/p>\n<p><strong>Vodene degustacije:<\/strong><\/p><p><strong>Robi Jakomin<\/strong> \u2013 tr\u017ee\u010dan, pripovedovalec in voditelj kulinari\u010dnih in vinskih do\u017eivetij<\/p><p>Degustacije sprejmejo najve\u010d 14 udele\u017eencev. Rezervirajte do\u017eivetje.<\/p>\n<form id=\"tb_52l3928-form\" method=\"post\" data-post-id=\"0\" data-element-id=\"52l3928\" data-orig-id=\"5470\" > <label for=\"tb_52l3928-contact-name\"> Va\u0161e ime * <\/label> <input type=\"text\" name=\"contact-name\" placeholder=\"Ime in Priimek\" id=\"tb_52l3928-contact-name\" value=\"\" required> <label for=\"tb_52l3928-contact-email\"> E-po\u0161ta * <\/label> <input type=\"email\" name=\"contact-email\" placeholder=\"Kontakt e-po\u0161ta\" id=\"tb_52l3928-contact-email\" value=\"\" required> <label for=\"field_extra_tb_52l3928_0\"> Degustacija <input type=\"hidden\" name=\"field_extra_name_0\" value=\"Degustacija\"> * <\/label> <select id=\"field_extra_tb_52l3928_0\" name=\"field_extra_0\" required> <option value=\"Malvazija: vodena geografska degustacija | Petek, 17:00, dvorana \u201ccamerini\u201d\"> Malvazija: vodena geografska degustacija | Petek, 17:00, dvorana \u201ccamerini\u201d <\/option> <option value=\"Sledi \u010dasa: trije vinarji, dve dobi | Sobota, 17:00 | dvorana \u201ccamerini\u201d\"> Sledi \u010dasa: trije vinarji, dve dobi | Sobota, 17:00 | dvorana \u201ccamerini\u201d <\/option> <\/select> <label> <input type=\"checkbox\" name=\"contact-sendcopy\" id=\"tb_52l3928-sendcopy\" value=\"1\"> Po\u0161lji kopijo sebi <\/label> <button type=\"submit\"> Po\u0161lji <\/button> <\/form>","_links":{"self":[{"href":"https:\/\/amberwinefestival.com\/sl\/wp-json\/wp\/v2\/pages\/5470","targetHints":{"allow":["GET"]}}],"collection":[{"href":"https:\/\/amberwinefestival.com\/sl\/wp-json\/wp\/v2\/pages"}],"about":[{"href":"https:\/\/amberwinefestival.com\/sl\/wp-json\/wp\/v2\/types\/page"}],"author":[{"embeddable":true,"href":"https:\/\/amberwinefestival.com\/sl\/wp-json\/wp\/v2\/users\/1"}],"replies":[{"embeddable":true,"href":"https:\/\/amberwinefestival.com\/sl\/wp-json\/wp\/v2\/comments?post=5470"}],"version-history":[{"count":9,"href":"https:\/\/amberwinefestival.com\/sl\/wp-json\/wp\/v2\/pages\/5470\/revisions"}],"predecessor-version":[{"id":5480,"href":"https:\/\/amberwinefestival.com\/sl\/wp-json\/wp\/v2\/pages\/5470\/revisions\/5480"}],"wp:attachment":[{"href":"https:\/\/amberwinefestival.com\/sl\/wp-json\/wp\/v2\/media?parent=5470"}],"curies":[{"name":"wp","href":"https:\/\/api.w.org\/{rel}","templated":true}]}}